{"id":538,"date":"2019-10-25T08:02:41","date_gmt":"2019-10-25T08:02:41","guid":{"rendered":"https:\/\/demo2wpopal.b-cdn.net\/rehomes\/?page_id=538"},"modified":"2023-11-23T22:49:18","modified_gmt":"2023-11-23T22:49:18","slug":"private-veranstaltungen","status":"publish","type":"page","link":"https:\/\/coga-doro.com\/de\/private-veranstaltungen\/","title":{"rendered":"Private Veranstaltungen"},"content":{"rendered":"\t\t<div data-elementor-type=\"wp-page\" data-elementor-id=\"538\" class=\"elementor elementor-538\" data-elementor-post-type=\"page\">\n\t\t\t\t\t\t\t\t\t<section class=\"elementor-section elementor-top-section elementor-element elementor-element-2804b84 elementor-section-stretched elementor-section-full_width elementor-section-height-full elementor-section-height-default elementor-section-items-middle\" data-id=\"2804b84\" data-element_type=\"section\" data-settings=\"{&quot;stretch_section&quot;:&quot;section-stretched&quot;,&quot;background_background&quot;:&quot;classic&quot;,&quot;background_motion_fx_motion_fx_scrolling&quot;:&quot;yes&quot;,&quot;background_motion_fx_translateY_effect&quot;:&quot;yes&quot;,&quot;background_motion_fx_translateY_speed&quot;:{&quot;unit&quot;:&quot;px&quot;,&quot;size&quot;:4,&quot;sizes&quot;:[]},&quot;background_motion_fx_translateY_affectedRange&quot;:{&quot;unit&quot;:&quot;%&quot;,&quot;size&quot;:&quot;&quot;,&quot;sizes&quot;:{&quot;start&quot;:0,&quot;end&quot;:100}},&quot;background_motion_fx_devices&quot;:[&quot;desktop&quot;,&quot;tablet&quot;,&quot;mobile&quot;]}\">\n\t\t\t\t\t\t\t<div class=\"elementor-background-overlay\"><\/div>\n\t\t\t\t\t\t\t<div class=\"elementor-container elementor-column-gap-no\">\n\t\t\t\t\t<div class=\"elementor-column elementor-col-100 elementor-top-column elementor-element elementor-element-62d8bd1\" data-id=\"62d8bd1\" data-element_type=\"column\">\n\t\t\t<div class=\"elementor-widget-wrap elementor-element-populated\">\n\t\t\t\t\t\t\t\t<div class=\"elementor-element elementor-element-2eabb2c elementor-widget elementor-widget-heading\" data-id=\"2eabb2c\" data-element_type=\"widget\" data-widget_type=\"heading.default\">\n\t\t\t\t<div class=\"elementor-widget-container\">\n\t\t\t<style>\/*! elementor - v3.17.0 - 08-11-2023 *\/\n.elementor-heading-title{padding:0;margin:0;line-height:1}.elementor-widget-heading .elementor-heading-title[class*=elementor-size-]>a{color:inherit;font-size:inherit;line-height:inherit}.elementor-widget-heading .elementor-heading-title.elementor-size-small{font-size:15px}.elementor-widget-heading .elementor-heading-title.elementor-size-medium{font-size:19px}.elementor-widget-heading .elementor-heading-title.elementor-size-large{font-size:29px}.elementor-widget-heading .elementor-heading-title.elementor-size-xl{font-size:39px}.elementor-widget-heading .elementor-heading-title.elementor-size-xxl{font-size:59px}<\/style><div class=\"elementor-heading-wrapper\" ><div class=\"elementor-heading-wrapper-inner\"><h1 class=\"elementor-heading-title elementor-size-default\">Private Veranstaltungen<\/h1><\/div><\/div>\t\t<\/div>\n\t\t\t\t<\/div>\n\t\t\t\t\t<\/div>\n\t\t<\/div>\n\t\t\t\t\t\t\t<\/div>\n\t\t<\/section>\n\t\t<div class=\"elementor-element elementor-element-aa5b3bd e-con-full e-flex e-con e-parent\" data-id=\"aa5b3bd\" data-element_type=\"container\" data-settings=\"{&quot;content_width&quot;:&quot;full&quot;}\" data-core-v316-plus=\"true\">\n\t\t<div class=\"elementor-element elementor-element-9188032 e-con-full e-flex e-con e-child\" data-id=\"9188032\" data-element_type=\"container\" data-settings=\"{&quot;content_width&quot;:&quot;full&quot;}\">\n\t\t\t\t<div class=\"elementor-element elementor-element-53dc65b animated-fast elementor-invisible elementor-widget elementor-widget-image\" data-id=\"53dc65b\" data-element_type=\"widget\" data-settings=\"{&quot;_animation&quot;:&quot;fadeInLeft&quot;}\" data-widget_type=\"image.default\">\n\t\t\t\t<div class=\"elementor-widget-container\">\n\t\t\t<style>\/*! elementor - v3.17.0 - 08-11-2023 *\/\n.elementor-widget-image{text-align:center}.elementor-widget-image a{display:inline-block}.elementor-widget-image a img[src$=\".svg\"]{width:48px}.elementor-widget-image img{vertical-align:middle;display:inline-block}<\/style>\t\t\t\t\t\t\t\t\t\t\t\t<img fetchpriority=\"high\" decoding=\"async\" width=\"600\" height=\"400\" src=\"https:\/\/coga-doro.com\/de\/wp-content\/uploads\/2023\/11\/Private-Event1-1024x683.jpg\" class=\"elementor-animation-grow attachment-large size-large wp-image-8032\" alt=\"\" srcset=\"https:\/\/coga-doro.com\/de\/wp-content\/uploads\/2023\/11\/Private-Event1-1024x683.jpg 1024w, https:\/\/coga-doro.com\/de\/wp-content\/uploads\/2023\/11\/Private-Event1-300x200.jpg 300w, https:\/\/coga-doro.com\/de\/wp-content\/uploads\/2023\/11\/Private-Event1-768x512.jpg 768w, https:\/\/coga-doro.com\/de\/wp-content\/uploads\/2023\/11\/Private-Event1-700x467.jpg 700w, https:\/\/coga-doro.com\/de\/wp-content\/uploads\/2023\/11\/Private-Event1.jpg 1224w\" sizes=\"(max-width: 600px) 100vw, 600px\" \/>\t\t\t\t\t\t\t\t\t\t\t\t\t\t\t<\/div>\n\t\t\t\t<\/div>\n\t\t\t\t<\/div>\n\t\t<div class=\"elementor-element elementor-element-94b3080 e-con-full e-flex e-con e-child\" data-id=\"94b3080\" data-element_type=\"container\" data-settings=\"{&quot;content_width&quot;:&quot;full&quot;}\">\n\t\t\t\t<div class=\"elementor-element elementor-element-d139142 animated-fast elementor-invisible elementor-widget elementor-widget-text-editor\" data-id=\"d139142\" data-element_type=\"widget\" data-settings=\"{&quot;_animation&quot;:&quot;slideInUp&quot;}\" data-widget_type=\"text-editor.default\">\n\t\t\t\t<div class=\"elementor-widget-container\">\n\t\t\t<style>\/*! elementor - v3.17.0 - 08-11-2023 *\/\n.elementor-widget-text-editor.elementor-drop-cap-view-stacked .elementor-drop-cap{background-color:#69727d;color:#fff}.elementor-widget-text-editor.elementor-drop-cap-view-framed .elementor-drop-cap{color:#69727d;border:3px solid;background-color:transparent}.elementor-widget-text-editor:not(.elementor-drop-cap-view-default) .elementor-drop-cap{margin-top:8px}.elementor-widget-text-editor:not(.elementor-drop-cap-view-default) .elementor-drop-cap-letter{width:1em;height:1em}.elementor-widget-text-editor .elementor-drop-cap{float:left;text-align:center;line-height:1;font-size:50px}.elementor-widget-text-editor .elementor-drop-cap-letter{display:inline-block}<\/style>        <div class=\"elementor-text-editor elementor-clearfix\"><p>Erleben Sie eine Welt von beispiellosem Exklusivit\u00e4t und Luxus. Angef\u00fchrt von unserem Team erfahrener Fachleute und einem weitreichenden lokalen Netzwerk bieten wir ein Universum au\u00dfergew\u00f6hnlicher Dienstleistungen, die sorgf\u00e4ltig darauf ausgelegt sind, jeden Ihrer Bed\u00fcrfnisse zu erf\u00fcllen.<\/p><\/div>\n        \t\t<\/div>\n\t\t\t\t<\/div>\n\t\t\t\t<\/div>\n\t\t\t\t<\/div>\n\t\t<div class=\"elementor-element elementor-element-416be95 e-con-full e-flex e-con e-parent\" data-id=\"416be95\" data-element_type=\"container\" data-settings=\"{&quot;content_width&quot;:&quot;full&quot;}\" data-core-v316-plus=\"true\">\n\t\t<div class=\"elementor-element elementor-element-039adcb e-con-full e-flex e-con e-child\" data-id=\"039adcb\" data-element_type=\"container\" data-settings=\"{&quot;content_width&quot;:&quot;full&quot;}\">\n\t\t\t\t<div class=\"elementor-element elementor-element-bc56643 animated-fast elementor-invisible elementor-widget elementor-widget-text-editor\" data-id=\"bc56643\" data-element_type=\"widget\" data-settings=\"{&quot;_animation&quot;:&quot;slideInUp&quot;}\" data-widget_type=\"text-editor.default\">\n\t\t\t\t<div class=\"elementor-widget-container\">\n\t\t\t        <div class=\"elementor-text-editor elementor-clearfix\"><p>Ob Sie sich eine private Insel-Auszeit, die Inszenierung eines unternehmerischen Meisterwerks oder die Verfolgung unvergesslicher Momente vorstellen &#8211; unsere Expertise erstreckt sich \u00fcber Gesch\u00e4ftsreisen, Anreize Abenteuer, Team-Building-Extravaganzen und erstklassige Konferenzen.<\/p><\/div>\n        \t\t<\/div>\n\t\t\t\t<\/div>\n\t\t\t\t<\/div>\n\t\t<div class=\"elementor-element elementor-element-cb76bfd e-con-full e-flex e-con e-child\" data-id=\"cb76bfd\" data-element_type=\"container\" data-settings=\"{&quot;content_width&quot;:&quot;full&quot;}\">\n\t\t\t\t<div class=\"elementor-element elementor-element-307fc35 animated-fast elementor-invisible elementor-widget elementor-widget-image\" data-id=\"307fc35\" data-element_type=\"widget\" data-settings=\"{&quot;_animation&quot;:&quot;fadeInRight&quot;}\" data-widget_type=\"image.default\">\n\t\t\t\t<div class=\"elementor-widget-container\">\n\t\t\t\t\t\t\t\t\t\t\t\t\t\t\t<img decoding=\"async\" width=\"600\" height=\"399\" src=\"https:\/\/coga-doro.com\/de\/wp-content\/uploads\/2023\/11\/Private-Event2-1024x681.jpg\" class=\"elementor-animation-grow attachment-large size-large wp-image-8033\" alt=\"\" srcset=\"https:\/\/coga-doro.com\/de\/wp-content\/uploads\/2023\/11\/Private-Event2-1024x681.jpg 1024w, https:\/\/coga-doro.com\/de\/wp-content\/uploads\/2023\/11\/Private-Event2-300x200.jpg 300w, https:\/\/coga-doro.com\/de\/wp-content\/uploads\/2023\/11\/Private-Event2-768x511.jpg 768w, https:\/\/coga-doro.com\/de\/wp-content\/uploads\/2023\/11\/Private-Event2-700x466.jpg 700w, https:\/\/coga-doro.com\/de\/wp-content\/uploads\/2023\/11\/Private-Event2.jpg 1224w\" sizes=\"(max-width: 600px) 100vw, 600px\" \/>\t\t\t\t\t\t\t\t\t\t\t\t\t\t\t<\/div>\n\t\t\t\t<\/div>\n\t\t\t\t<\/div>\n\t\t\t\t<\/div>\n\t\t<div class=\"elementor-element elementor-element-74348e2 e-con-full e-flex e-con e-parent\" data-id=\"74348e2\" data-element_type=\"container\" data-settings=\"{&quot;content_width&quot;:&quot;full&quot;}\" data-core-v316-plus=\"true\">\n\t\t<div class=\"elementor-element elementor-element-34ddd53 e-con-full e-flex e-con e-child\" data-id=\"34ddd53\" data-element_type=\"container\" data-settings=\"{&quot;content_width&quot;:&quot;full&quot;}\">\n\t\t\t\t<div class=\"elementor-element elementor-element-3934cef animated-fast elementor-invisible elementor-widget elementor-widget-image\" data-id=\"3934cef\" data-element_type=\"widget\" data-settings=\"{&quot;_animation&quot;:&quot;fadeInLeft&quot;}\" data-widget_type=\"image.default\">\n\t\t\t\t<div class=\"elementor-widget-container\">\n\t\t\t\t\t\t\t\t\t\t\t\t\t\t\t<img decoding=\"async\" width=\"600\" height=\"400\" src=\"https:\/\/coga-doro.com\/de\/wp-content\/uploads\/2023\/11\/Private-Event3-1024x683.jpg\" class=\"elementor-animation-grow attachment-large size-large wp-image-8034\" alt=\"\" srcset=\"https:\/\/coga-doro.com\/de\/wp-content\/uploads\/2023\/11\/Private-Event3-1024x683.jpg 1024w, https:\/\/coga-doro.com\/de\/wp-content\/uploads\/2023\/11\/Private-Event3-300x200.jpg 300w, https:\/\/coga-doro.com\/de\/wp-content\/uploads\/2023\/11\/Private-Event3-768x512.jpg 768w, https:\/\/coga-doro.com\/de\/wp-content\/uploads\/2023\/11\/Private-Event3-700x467.jpg 700w, https:\/\/coga-doro.com\/de\/wp-content\/uploads\/2023\/11\/Private-Event3.jpg 1224w\" sizes=\"(max-width: 600px) 100vw, 600px\" \/>\t\t\t\t\t\t\t\t\t\t\t\t\t\t\t<\/div>\n\t\t\t\t<\/div>\n\t\t\t\t<\/div>\n\t\t<div class=\"elementor-element elementor-element-6cd950c e-con-full e-flex e-con e-child\" data-id=\"6cd950c\" data-element_type=\"container\" data-settings=\"{&quot;content_width&quot;:&quot;full&quot;}\">\n\t\t\t\t<div class=\"elementor-element elementor-element-867b51a animated-fast elementor-invisible elementor-widget elementor-widget-text-editor\" data-id=\"867b51a\" data-element_type=\"widget\" data-settings=\"{&quot;_animation&quot;:&quot;slideInUp&quot;}\" data-widget_type=\"text-editor.default\">\n\t\t\t\t<div class=\"elementor-widget-container\">\n\t\t\t        <div class=\"elementor-text-editor elementor-clearfix\"><p>Stellen Sie sich eine Welt vor, in der Ihre Aspirationen nicht nur erf\u00fcllt, sondern \u00fcbertroffen werden, genau hier auf der faszinierenden Insel Ibiza. Dank unseres umfangreichen lokalen Netzwerks garantieren wir einen Standard an Exzellenz, der seinesgleichen sucht.<\/p><\/div>\n        \t\t<\/div>\n\t\t\t\t<\/div>\n\t\t\t\t<\/div>\n\t\t\t\t<\/div>\n\t\t\t\t<section class=\"elementor-section elementor-top-section elementor-element elementor-element-a342e6d elementor-section-stretched elementor-section-boxed elementor-section-height-default elementor-section-height-default\" data-id=\"a342e6d\" data-element_type=\"section\" data-settings=\"{&quot;stretch_section&quot;:&quot;section-stretched&quot;,&quot;background_background&quot;:&quot;classic&quot;}\">\n\t\t\t\t\t\t\t<div class=\"elementor-background-overlay\"><\/div>\n\t\t\t\t\t\t\t<div class=\"elementor-container elementor-column-gap-no\">\n\t\t\t\t\t<div class=\"elementor-column elementor-col-100 elementor-top-column elementor-element elementor-element-f589c66\" data-id=\"f589c66\" data-element_type=\"column\" data-settings=\"{&quot;background_background&quot;:&quot;classic&quot;}\">\n\t\t\t<div class=\"elementor-widget-wrap elementor-element-populated\">\n\t\t\t\t\t<div class=\"elementor-background-overlay\"><\/div>\n\t\t\t\t\t\t\t\t<div class=\"elementor-element elementor-element-22095ce animated-fast elementor-invisible elementor-widget elementor-widget-heading\" data-id=\"22095ce\" data-element_type=\"widget\" data-settings=\"{&quot;_animation&quot;:&quot;opal-move-up&quot;}\" data-widget_type=\"heading.default\">\n\t\t\t\t<div class=\"elementor-widget-container\">\n\t\t\t<div class=\"elementor-heading-wrapper\" ><div class=\"elementor-heading-wrapper-inner\"><h3 class=\"elementor-heading-title elementor-size-default\">Sind Sie bereit, diskret Ihr Traumobjekt auf Ibiza zu erwerben? Wir freuen uns darauf, Sie durch eine Vielzahl von verborgenen Juwelen in diesem ikonischen Reiseziel zu f\u00fchren.<\/h3><\/div><\/div>\t\t<\/div>\n\t\t\t\t<\/div>\n\t\t\t\t\t<\/div>\n\t\t<\/div>\n\t\t\t\t\t\t\t<\/div>\n\t\t<\/section>\n\t\t<div class=\"elementor-element elementor-element-7e5f22b e-con-full e-flex e-con e-parent\" data-id=\"7e5f22b\" data-element_type=\"container\" data-settings=\"{&quot;content_width&quot;:&quot;full&quot;}\" data-core-v316-plus=\"true\">\n\t\t<div class=\"elementor-element elementor-element-0790c8b e-con-full e-flex e-con e-child\" data-id=\"0790c8b\" data-element_type=\"container\" data-settings=\"{&quot;content_width&quot;:&quot;full&quot;}\">\n\t\t\t\t<div class=\"elementor-element elementor-element-8c75b1e animated-fast elementor-invisible elementor-widget elementor-widget-text-editor\" data-id=\"8c75b1e\" data-element_type=\"widget\" data-settings=\"{&quot;_animation&quot;:&quot;slideInUp&quot;}\" data-widget_type=\"text-editor.default\">\n\t\t\t\t<div class=\"elementor-widget-container\">\n\t\t\t        <div class=\"elementor-text-editor elementor-clearfix\"><p>Wir versprechen einen Service, der das Gew\u00f6hnliche \u00fcbertrifft, sorgf\u00e4ltig auf Ihre individuellen Bed\u00fcrfnisse und Vorlieben zugeschnitten ist. Unsere unersch\u00fctterliche Leidenschaft f\u00fcr Exzellenz zeichnet uns aus und garantiert, dass Ihre Erfahrung auf Ibiza nichts weniger als perfekt ist.<\/p><\/div>\n        \t\t<\/div>\n\t\t\t\t<\/div>\n\t\t\t\t<\/div>\n\t\t<div class=\"elementor-element elementor-element-447c6f9 e-con-full e-flex e-con e-child\" data-id=\"447c6f9\" data-element_type=\"container\" data-settings=\"{&quot;content_width&quot;:&quot;full&quot;}\">\n\t\t\t\t<div class=\"elementor-element elementor-element-3b499be animated-fast elementor-invisible elementor-widget elementor-widget-image\" data-id=\"3b499be\" data-element_type=\"widget\" data-settings=\"{&quot;_animation&quot;:&quot;fadeInRight&quot;}\" data-widget_type=\"image.default\">\n\t\t\t\t<div class=\"elementor-widget-container\">\n\t\t\t\t\t\t\t\t\t\t\t\t\t\t\t<img loading=\"lazy\" decoding=\"async\" width=\"600\" height=\"338\" src=\"https:\/\/coga-doro.com\/de\/wp-content\/uploads\/2023\/11\/Private-Event4.jpg\" class=\"elementor-animation-grow attachment-large size-large wp-image-8035\" alt=\"\" srcset=\"https:\/\/coga-doro.com\/de\/wp-content\/uploads\/2023\/11\/Private-Event4.jpg 640w, https:\/\/coga-doro.com\/de\/wp-content\/uploads\/2023\/11\/Private-Event4-300x169.jpg 300w\" sizes=\"(max-width: 600px) 100vw, 600px\" \/>\t\t\t\t\t\t\t\t\t\t\t\t\t\t\t<\/div>\n\t\t\t\t<\/div>\n\t\t\t\t<\/div>\n\t\t\t\t<\/div>\n\t\t\t\t\t\t\t<\/div>\n\t\t","protected":false},"excerpt":{"rendered":"<p>Private Veranstaltungen Erleben Sie eine Welt von beispiellosem Exklusivit\u00e4t und Luxus. Angef\u00fchrt von unserem Team erfahrener Fachleute und einem weitreichenden lokalen Netzwerk bieten wir ein Universum au\u00dfergew\u00f6hnlicher Dienstleistungen, die sorgf\u00e4ltig darauf ausgelegt sind, jeden Ihrer Bed\u00fcrfnisse zu erf\u00fcllen. Ob Sie sich eine private Insel-Auszeit, die Inszenierung eines unternehmerischen Meisterwerks oder die Verfolgung unvergesslicher Momente vorstellen &hellip; <\/p>\n<p class=\"link-more\"><a href=\"https:\/\/coga-doro.com\/de\/private-veranstaltungen\/\" class=\"more-link\">Read More <span class=\"screen-reader-text\"> &#8220;Private Veranstaltungen&#8221;<\/span><\/a><\/p>\n","protected":false},"author":1,"featured_media":0,"parent":0,"menu_order":0,"comment_status":"closed","ping_status":"closed","template":"page-elementor.php","meta":{"inline_featured_image":false,"footnotes":""},"_links":{"self":[{"href":"https:\/\/coga-doro.com\/de\/wp-json\/wp\/v2\/pages\/538"}],"collection":[{"href":"https:\/\/coga-doro.com\/de\/wp-json\/wp\/v2\/pages"}],"about":[{"href":"https:\/\/coga-doro.com\/de\/wp-json\/wp\/v2\/types\/page"}],"author":[{"embeddable":true,"href":"https:\/\/coga-doro.com\/de\/wp-json\/wp\/v2\/users\/1"}],"replies":[{"embeddable":true,"href":"https:\/\/coga-doro.com\/de\/wp-json\/wp\/v2\/comments?post=538"}],"version-history":[{"count":42,"href":"https:\/\/coga-doro.com\/de\/wp-json\/wp\/v2\/pages\/538\/revisions"}],"predecessor-version":[{"id":8520,"href":"https:\/\/coga-doro.com\/de\/wp-json\/wp\/v2\/pages\/538\/revisions\/8520"}],"wp:attachment":[{"href":"https:\/\/coga-doro.com\/de\/wp-json\/wp\/v2\/media?parent=538"}],"curies":[{"name":"wp","href":"https:\/\/api.w.org\/{rel}","templated":true}]}}