{"id":7650,"date":"2023-11-11T14:33:44","date_gmt":"2023-11-11T14:33:44","guid":{"rendered":"https:\/\/coga-doro.com\/de\/?page_id=7650"},"modified":"2023-11-23T22:47:20","modified_gmt":"2023-11-23T22:47:20","slug":"ibiza-vibe","status":"publish","type":"page","link":"https:\/\/coga-doro.com\/de\/ibiza-vibe\/","title":{"rendered":"IbizaVibe"},"content":{"rendered":"\t\t<div data-elementor-type=\"wp-page\" data-elementor-id=\"7650\" class=\"elementor elementor-7650\" data-elementor-post-type=\"page\">\n\t\t\t\t\t\t\t\t\t<section class=\"elementor-section elementor-top-section elementor-element elementor-element-2134d9c elementor-section-stretched elementor-section-full_width elementor-section-height-full elementor-section-height-default elementor-section-items-middle\" data-id=\"2134d9c\" data-element_type=\"section\" data-settings=\"{&quot;stretch_section&quot;:&quot;section-stretched&quot;,&quot;background_background&quot;:&quot;classic&quot;,&quot;background_motion_fx_motion_fx_scrolling&quot;:&quot;yes&quot;,&quot;background_motion_fx_translateY_effect&quot;:&quot;yes&quot;,&quot;background_motion_fx_translateY_speed&quot;:{&quot;unit&quot;:&quot;px&quot;,&quot;size&quot;:4,&quot;sizes&quot;:[]},&quot;background_motion_fx_translateY_affectedRange&quot;:{&quot;unit&quot;:&quot;%&quot;,&quot;size&quot;:&quot;&quot;,&quot;sizes&quot;:{&quot;start&quot;:0,&quot;end&quot;:100}},&quot;background_motion_fx_devices&quot;:[&quot;desktop&quot;,&quot;tablet&quot;,&quot;mobile&quot;]}\">\n\t\t\t\t\t\t\t<div class=\"elementor-background-overlay\"><\/div>\n\t\t\t\t\t\t\t<div class=\"elementor-container elementor-column-gap-no\">\n\t\t\t\t\t<div class=\"elementor-column elementor-col-100 elementor-top-column elementor-element elementor-element-20d084b\" data-id=\"20d084b\" data-element_type=\"column\">\n\t\t\t<div class=\"elementor-widget-wrap elementor-element-populated\">\n\t\t\t\t\t\t\t\t<div class=\"elementor-element elementor-element-2988045 elementor-widget elementor-widget-heading\" data-id=\"2988045\" data-element_type=\"widget\" data-widget_type=\"heading.default\">\n\t\t\t\t<div class=\"elementor-widget-container\">\n\t\t\t<style>\/*! elementor - v3.17.0 - 08-11-2023 *\/\n.elementor-heading-title{padding:0;margin:0;line-height:1}.elementor-widget-heading .elementor-heading-title[class*=elementor-size-]>a{color:inherit;font-size:inherit;line-height:inherit}.elementor-widget-heading .elementor-heading-title.elementor-size-small{font-size:15px}.elementor-widget-heading .elementor-heading-title.elementor-size-medium{font-size:19px}.elementor-widget-heading .elementor-heading-title.elementor-size-large{font-size:29px}.elementor-widget-heading .elementor-heading-title.elementor-size-xl{font-size:39px}.elementor-widget-heading .elementor-heading-title.elementor-size-xxl{font-size:59px}<\/style><div class=\"elementor-heading-wrapper\" ><div class=\"elementor-heading-wrapper-inner\"><h1 class=\"elementor-heading-title elementor-size-default\">IbizaVibe<\/h1><\/div><\/div>\t\t<\/div>\n\t\t\t\t<\/div>\n\t\t\t\t\t<\/div>\n\t\t<\/div>\n\t\t\t\t\t\t\t<\/div>\n\t\t<\/section>\n\t\t<div class=\"elementor-element elementor-element-aa5b3bd e-con-full e-flex e-con e-parent\" data-id=\"aa5b3bd\" data-element_type=\"container\" data-settings=\"{&quot;content_width&quot;:&quot;full&quot;}\" data-core-v316-plus=\"true\">\n\t\t<div class=\"elementor-element elementor-element-9188032 e-con-full e-flex e-con e-child\" data-id=\"9188032\" data-element_type=\"container\" data-settings=\"{&quot;content_width&quot;:&quot;full&quot;}\">\n\t\t\t\t<div class=\"elementor-element elementor-element-53dc65b animated-fast elementor-invisible elementor-widget elementor-widget-image\" data-id=\"53dc65b\" data-element_type=\"widget\" data-settings=\"{&quot;_animation&quot;:&quot;fadeInLeft&quot;}\" data-widget_type=\"image.default\">\n\t\t\t\t<div class=\"elementor-widget-container\">\n\t\t\t<style>\/*! elementor - v3.17.0 - 08-11-2023 *\/\n.elementor-widget-image{text-align:center}.elementor-widget-image a{display:inline-block}.elementor-widget-image a img[src$=\".svg\"]{width:48px}.elementor-widget-image img{vertical-align:middle;display:inline-block}<\/style>\t\t\t\t\t\t\t\t\t\t\t\t<img fetchpriority=\"high\" decoding=\"async\" width=\"600\" height=\"281\" src=\"https:\/\/coga-doro.com\/de\/wp-content\/uploads\/2023\/11\/Ibiza1-1024x480.jpg\" class=\"elementor-animation-grow attachment-large size-large wp-image-8046\" alt=\"\" srcset=\"https:\/\/coga-doro.com\/de\/wp-content\/uploads\/2023\/11\/Ibiza1-1024x480.jpg 1024w, https:\/\/coga-doro.com\/de\/wp-content\/uploads\/2023\/11\/Ibiza1-300x141.jpg 300w, https:\/\/coga-doro.com\/de\/wp-content\/uploads\/2023\/11\/Ibiza1-768x360.jpg 768w, https:\/\/coga-doro.com\/de\/wp-content\/uploads\/2023\/11\/Ibiza1-700x328.jpg 700w, https:\/\/coga-doro.com\/de\/wp-content\/uploads\/2023\/11\/Ibiza1.jpg 1224w\" sizes=\"(max-width: 600px) 100vw, 600px\" \/>\t\t\t\t\t\t\t\t\t\t\t\t\t\t\t<\/div>\n\t\t\t\t<\/div>\n\t\t\t\t<\/div>\n\t\t<div class=\"elementor-element elementor-element-94b3080 e-con-full e-flex e-con e-child\" data-id=\"94b3080\" data-element_type=\"container\" data-settings=\"{&quot;content_width&quot;:&quot;full&quot;}\">\n\t\t\t\t<div class=\"elementor-element elementor-element-d139142 animated-fast elementor-invisible elementor-widget elementor-widget-text-editor\" data-id=\"d139142\" data-element_type=\"widget\" data-settings=\"{&quot;_animation&quot;:&quot;slideInUp&quot;}\" data-widget_type=\"text-editor.default\">\n\t\t\t\t<div class=\"elementor-widget-container\">\n\t\t\t<style>\/*! elementor - v3.17.0 - 08-11-2023 *\/\n.elementor-widget-text-editor.elementor-drop-cap-view-stacked .elementor-drop-cap{background-color:#69727d;color:#fff}.elementor-widget-text-editor.elementor-drop-cap-view-framed .elementor-drop-cap{color:#69727d;border:3px solid;background-color:transparent}.elementor-widget-text-editor:not(.elementor-drop-cap-view-default) .elementor-drop-cap{margin-top:8px}.elementor-widget-text-editor:not(.elementor-drop-cap-view-default) .elementor-drop-cap-letter{width:1em;height:1em}.elementor-widget-text-editor .elementor-drop-cap{float:left;text-align:center;line-height:1;font-size:50px}.elementor-widget-text-editor .elementor-drop-cap-letter{display:inline-block}<\/style>        <div class=\"elementor-text-editor elementor-clearfix\"><p>Egal, ob Sie einen kurzen Kurzurlaub oder einen l\u00e4ngeren Aufenthalt auf der lebendigen Insel Ibiza planen, unser umfangreiches Netzwerk und Insider-Wissen garantieren eine ma\u00dfgeschneiderte Erfahrung, um genau Ihren Bed\u00fcrfnissen gerecht zu werden. Mit gr\u00fcndlicher Recherche, sorgf\u00e4ltiger \u00dcberpr\u00fcfung und strategischer Planung lassen wir Ihre Traumreise Wirklichkeit werden &#8211; vom Moment der Landung \u00fcber reibungslose Transfers bis zu privaten Touren durch die atemberaubenden Landschaften von Ibiza.<\/p><\/div>\n        \t\t<\/div>\n\t\t\t\t<\/div>\n\t\t\t\t<\/div>\n\t\t\t\t<\/div>\n\t\t<div class=\"elementor-element elementor-element-416be95 e-con-full e-flex e-con e-parent\" data-id=\"416be95\" data-element_type=\"container\" data-settings=\"{&quot;content_width&quot;:&quot;full&quot;}\" data-core-v316-plus=\"true\">\n\t\t<div class=\"elementor-element elementor-element-039adcb e-con-full e-flex e-con e-child\" data-id=\"039adcb\" data-element_type=\"container\" data-settings=\"{&quot;content_width&quot;:&quot;full&quot;}\">\n\t\t\t\t<div class=\"elementor-element elementor-element-bc56643 animated-fast elementor-invisible elementor-widget elementor-widget-text-editor\" data-id=\"bc56643\" data-element_type=\"widget\" data-settings=\"{&quot;_animation&quot;:&quot;slideInUp&quot;}\" data-widget_type=\"text-editor.default\">\n\t\t\t\t<div class=\"elementor-widget-container\">\n\t\t\t        <div class=\"elementor-text-editor elementor-clearfix\"><p>Unsere fachkundige Anleitung und detaillierte Planung gew\u00e4hrleisten, dass Ihr Urlaub auf der Insel stressfrei und sorgenfrei verl\u00e4uft. Wir sind darauf spezialisiert, ma\u00dfgeschneiderte Aufenthalte an den luxuri\u00f6sesten Orten Ibizas zu gestalten und unvergessliche Erlebnisse zu schaffen, die mit exklusiven Elementen angereichert sind, die in herk\u00f6mmlichen Reiseangeboten nicht zu finden sind.<\/p><\/div>\n        \t\t<\/div>\n\t\t\t\t<\/div>\n\t\t\t\t<\/div>\n\t\t<div class=\"elementor-element elementor-element-cb76bfd e-con-full e-flex e-con e-child\" data-id=\"cb76bfd\" data-element_type=\"container\" data-settings=\"{&quot;content_width&quot;:&quot;full&quot;}\">\n\t\t\t\t<div class=\"elementor-element elementor-element-307fc35 animated-fast elementor-invisible elementor-widget elementor-widget-image\" data-id=\"307fc35\" data-element_type=\"widget\" data-settings=\"{&quot;_animation&quot;:&quot;fadeInRight&quot;}\" data-widget_type=\"image.default\">\n\t\t\t\t<div class=\"elementor-widget-container\">\n\t\t\t\t\t\t\t\t\t\t\t\t\t\t\t<img decoding=\"async\" width=\"600\" height=\"400\" src=\"https:\/\/coga-doro.com\/de\/wp-content\/uploads\/2023\/11\/Ibiza2-1024x683.jpg\" class=\"elementor-animation-grow attachment-large size-large wp-image-8047\" alt=\"\" srcset=\"https:\/\/coga-doro.com\/de\/wp-content\/uploads\/2023\/11\/Ibiza2-1024x683.jpg 1024w, https:\/\/coga-doro.com\/de\/wp-content\/uploads\/2023\/11\/Ibiza2-300x200.jpg 300w, https:\/\/coga-doro.com\/de\/wp-content\/uploads\/2023\/11\/Ibiza2-768x512.jpg 768w, https:\/\/coga-doro.com\/de\/wp-content\/uploads\/2023\/11\/Ibiza2-700x467.jpg 700w, https:\/\/coga-doro.com\/de\/wp-content\/uploads\/2023\/11\/Ibiza2.jpg 1224w\" sizes=\"(max-width: 600px) 100vw, 600px\" \/>\t\t\t\t\t\t\t\t\t\t\t\t\t\t\t<\/div>\n\t\t\t\t<\/div>\n\t\t\t\t<\/div>\n\t\t\t\t<\/div>\n\t\t\t\t<section class=\"elementor-section elementor-top-section elementor-element elementor-element-dcaf30e elementor-section-stretched elementor-section-boxed elementor-section-height-default elementor-section-height-default\" data-id=\"dcaf30e\" data-element_type=\"section\" data-settings=\"{&quot;stretch_section&quot;:&quot;section-stretched&quot;,&quot;background_background&quot;:&quot;classic&quot;}\">\n\t\t\t\t\t\t\t<div class=\"elementor-background-overlay\"><\/div>\n\t\t\t\t\t\t\t<div class=\"elementor-container elementor-column-gap-no\">\n\t\t\t\t\t<div class=\"elementor-column elementor-col-100 elementor-top-column elementor-element elementor-element-d0086ff\" data-id=\"d0086ff\" data-element_type=\"column\" data-settings=\"{&quot;background_background&quot;:&quot;classic&quot;}\">\n\t\t\t<div class=\"elementor-widget-wrap elementor-element-populated\">\n\t\t\t\t\t<div class=\"elementor-background-overlay\"><\/div>\n\t\t\t\t\t\t\t\t<div class=\"elementor-element elementor-element-345c0a7 animated-fast elementor-invisible elementor-widget elementor-widget-heading\" data-id=\"345c0a7\" data-element_type=\"widget\" data-settings=\"{&quot;_animation&quot;:&quot;opal-move-up&quot;}\" data-widget_type=\"heading.default\">\n\t\t\t\t<div class=\"elementor-widget-container\">\n\t\t\t<div class=\"elementor-heading-wrapper\" ><div class=\"elementor-heading-wrapper-inner\"><h3 class=\"elementor-heading-title elementor-size-default\">Ma\u00dfgeschneiderte Erlebnisse auf Ibiza: Gestalten Sie Ihre Trauminsel-Auszeit<\/h3><\/div><\/div>\t\t<\/div>\n\t\t\t\t<\/div>\n\t\t\t\t\t<\/div>\n\t\t<\/div>\n\t\t\t\t\t\t\t<\/div>\n\t\t<\/section>\n\t\t<div class=\"elementor-element elementor-element-74348e2 e-con-full e-flex e-con e-parent\" data-id=\"74348e2\" data-element_type=\"container\" data-settings=\"{&quot;content_width&quot;:&quot;full&quot;}\" data-core-v316-plus=\"true\">\n\t\t<div class=\"elementor-element elementor-element-34ddd53 e-con-full e-flex e-con e-child\" data-id=\"34ddd53\" data-element_type=\"container\" data-settings=\"{&quot;content_width&quot;:&quot;full&quot;}\">\n\t\t\t\t<div class=\"elementor-element elementor-element-3934cef animated-fast elementor-invisible elementor-widget elementor-widget-image\" data-id=\"3934cef\" data-element_type=\"widget\" data-settings=\"{&quot;_animation&quot;:&quot;fadeInLeft&quot;}\" data-widget_type=\"image.default\">\n\t\t\t\t<div class=\"elementor-widget-container\">\n\t\t\t\t\t\t\t\t\t\t\t\t\t\t\t<img decoding=\"async\" width=\"600\" height=\"400\" src=\"https:\/\/coga-doro.com\/de\/wp-content\/uploads\/2023\/11\/Ibiza3-1024x683.jpg\" class=\"elementor-animation-grow attachment-large size-large wp-image-8048\" alt=\"\" srcset=\"https:\/\/coga-doro.com\/de\/wp-content\/uploads\/2023\/11\/Ibiza3-1024x683.jpg 1024w, https:\/\/coga-doro.com\/de\/wp-content\/uploads\/2023\/11\/Ibiza3-300x200.jpg 300w, https:\/\/coga-doro.com\/de\/wp-content\/uploads\/2023\/11\/Ibiza3-768x512.jpg 768w, https:\/\/coga-doro.com\/de\/wp-content\/uploads\/2023\/11\/Ibiza3-700x467.jpg 700w, https:\/\/coga-doro.com\/de\/wp-content\/uploads\/2023\/11\/Ibiza3.jpg 1224w\" sizes=\"(max-width: 600px) 100vw, 600px\" \/>\t\t\t\t\t\t\t\t\t\t\t\t\t\t\t<\/div>\n\t\t\t\t<\/div>\n\t\t\t\t<\/div>\n\t\t<div class=\"elementor-element elementor-element-6cd950c e-con-full e-flex e-con e-child\" data-id=\"6cd950c\" data-element_type=\"container\" data-settings=\"{&quot;content_width&quot;:&quot;full&quot;}\">\n\t\t\t\t<div class=\"elementor-element elementor-element-867b51a animated-fast elementor-invisible elementor-widget elementor-widget-text-editor\" data-id=\"867b51a\" data-element_type=\"widget\" data-settings=\"{&quot;_animation&quot;:&quot;slideInUp&quot;}\" data-widget_type=\"text-editor.default\">\n\t\t\t\t<div class=\"elementor-widget-container\">\n\t\t\t        <div class=\"elementor-text-editor elementor-clearfix\"><p>Erw\u00e4gen Sie exklusive Ausfl\u00fcge zu den versteckten Juwelen der Insel, von ruhigen Buchten bis hin zu idyllischen Str\u00e4nden. Wie w\u00e4re es mit einem romantischen Candlelight-Dinner unter den Sternen an einem abgelegenen Strand auf Ibiza oder einer Reservierung f\u00fcr eine Luxusyacht-Charter, um die atemberaubende K\u00fcste Ibizas zu erkunden? Wir freuen uns darauf, uns durch unsere pers\u00f6nliche Beratung Zeit f\u00fcr Sie zu nehmen.<\/p><\/div>\n        \t\t<\/div>\n\t\t\t\t<\/div>\n\t\t\t\t<\/div>\n\t\t\t\t<\/div>\n\t\t<div class=\"elementor-element elementor-element-7e5f22b e-con-full e-flex e-con e-parent\" data-id=\"7e5f22b\" data-element_type=\"container\" data-settings=\"{&quot;content_width&quot;:&quot;full&quot;}\" data-core-v316-plus=\"true\">\n\t\t<div class=\"elementor-element elementor-element-0790c8b e-con-full e-flex e-con e-child\" data-id=\"0790c8b\" data-element_type=\"container\" data-settings=\"{&quot;content_width&quot;:&quot;full&quot;}\">\n\t\t\t\t<div class=\"elementor-element elementor-element-8c75b1e animated-fast elementor-invisible elementor-widget elementor-widget-text-editor\" data-id=\"8c75b1e\" data-element_type=\"widget\" data-settings=\"{&quot;_animation&quot;:&quot;slideInUp&quot;}\" data-widget_type=\"text-editor.default\">\n\t\t\t\t<div class=\"elementor-widget-container\">\n\t\t\t        <div class=\"elementor-text-editor elementor-clearfix\"><p>Wenn Sie eine Last-Minute-Reservierung in den besten Restaurants der Insel ben\u00f6tigen oder eine besonders spezielle Reise buchen m\u00f6chten, steht unser Team immer zur Verf\u00fcgung, um auf Ihre Bed\u00fcrfnisse einzugehen. Probieren Sie uns noch heute aus und entdecken Sie das Potenzial Ihrer Traumauszeit auf der wundersch\u00f6nen Insel Ibiza!<\/p><\/div>\n        \t\t<\/div>\n\t\t\t\t<\/div>\n\t\t\t\t<\/div>\n\t\t<div class=\"elementor-element elementor-element-447c6f9 e-con-full e-flex e-con e-child\" data-id=\"447c6f9\" data-element_type=\"container\" data-settings=\"{&quot;content_width&quot;:&quot;full&quot;}\">\n\t\t\t\t<div class=\"elementor-element elementor-element-3b499be animated-fast elementor-invisible elementor-widget elementor-widget-image\" data-id=\"3b499be\" data-element_type=\"widget\" data-settings=\"{&quot;_animation&quot;:&quot;fadeInRight&quot;}\" data-widget_type=\"image.default\">\n\t\t\t\t<div class=\"elementor-widget-container\">\n\t\t\t\t\t\t\t\t\t\t\t\t\t\t\t<img loading=\"lazy\" decoding=\"async\" width=\"600\" height=\"400\" src=\"https:\/\/coga-doro.com\/de\/wp-content\/uploads\/2023\/11\/Ibiza4-1024x683.jpg\" class=\"elementor-animation-grow attachment-large size-large wp-image-8049\" alt=\"\" srcset=\"https:\/\/coga-doro.com\/de\/wp-content\/uploads\/2023\/11\/Ibiza4-1024x683.jpg 1024w, https:\/\/coga-doro.com\/de\/wp-content\/uploads\/2023\/11\/Ibiza4-300x200.jpg 300w, https:\/\/coga-doro.com\/de\/wp-content\/uploads\/2023\/11\/Ibiza4-768x512.jpg 768w, https:\/\/coga-doro.com\/de\/wp-content\/uploads\/2023\/11\/Ibiza4-700x467.jpg 700w, https:\/\/coga-doro.com\/de\/wp-content\/uploads\/2023\/11\/Ibiza4.jpg 1224w\" sizes=\"(max-width: 600px) 100vw, 600px\" \/>\t\t\t\t\t\t\t\t\t\t\t\t\t\t\t<\/div>\n\t\t\t\t<\/div>\n\t\t\t\t<\/div>\n\t\t\t\t<\/div>\n\t\t\t\t\t\t\t<\/div>\n\t\t","protected":false},"excerpt":{"rendered":"<p>IbizaVibe Egal, ob Sie einen kurzen Kurzurlaub oder einen l\u00e4ngeren Aufenthalt auf der lebendigen Insel Ibiza planen, unser umfangreiches Netzwerk und Insider-Wissen garantieren eine ma\u00dfgeschneiderte Erfahrung, um genau Ihren Bed\u00fcrfnissen gerecht zu werden. Mit gr\u00fcndlicher Recherche, sorgf\u00e4ltiger \u00dcberpr\u00fcfung und strategischer Planung lassen wir Ihre Traumreise Wirklichkeit werden &#8211; vom Moment der Landung \u00fcber reibungslose Transfers &hellip; <\/p>\n<p class=\"link-more\"><a href=\"https:\/\/coga-doro.com\/de\/ibiza-vibe\/\" class=\"more-link\">Read More <span class=\"screen-reader-text\"> &#8220;IbizaVibe&#8221;<\/span><\/a><\/p>\n","protected":false},"author":1,"featured_media":0,"parent":0,"menu_order":0,"comment_status":"closed","ping_status":"closed","template":"page-elementor.php","meta":{"inline_featured_image":false,"footnotes":""},"_links":{"self":[{"href":"https:\/\/coga-doro.com\/de\/wp-json\/wp\/v2\/pages\/7650"}],"collection":[{"href":"https:\/\/coga-doro.com\/de\/wp-json\/wp\/v2\/pages"}],"about":[{"href":"https:\/\/coga-doro.com\/de\/wp-json\/wp\/v2\/types\/page"}],"author":[{"embeddable":true,"href":"https:\/\/coga-doro.com\/de\/wp-json\/wp\/v2\/users\/1"}],"replies":[{"embeddable":true,"href":"https:\/\/coga-doro.com\/de\/wp-json\/wp\/v2\/comments?post=7650"}],"version-history":[{"count":33,"href":"https:\/\/coga-doro.com\/de\/wp-json\/wp\/v2\/pages\/7650\/revisions"}],"predecessor-version":[{"id":8516,"href":"https:\/\/coga-doro.com\/de\/wp-json\/wp\/v2\/pages\/7650\/revisions\/8516"}],"wp:attachment":[{"href":"https:\/\/coga-doro.com\/de\/wp-json\/wp\/v2\/media?parent=7650"}],"curies":[{"name":"wp","href":"https:\/\/api.w.org\/{rel}","templated":true}]}}