{"id":7644,"date":"2023-11-11T14:30:32","date_gmt":"2023-11-11T14:30:32","guid":{"rendered":"https:\/\/coga-doro.com\/sp\/?page_id=7644"},"modified":"2023-11-23T21:46:41","modified_gmt":"2023-11-23T21:46:41","slug":"eventos-empresariales","status":"publish","type":"page","link":"https:\/\/coga-doro.com\/sp\/eventos-empresariales\/","title":{"rendered":"Eventos Empresariales"},"content":{"rendered":"\t\t<div data-elementor-type=\"wp-page\" data-elementor-id=\"7644\" class=\"elementor elementor-7644\" data-elementor-post-type=\"page\">\n\t\t\t\t\t\t\t\t\t<section class=\"elementor-section elementor-top-section elementor-element elementor-element-3438dff elementor-section-stretched elementor-section-full_width elementor-section-height-full elementor-section-height-default elementor-section-items-middle\" data-id=\"3438dff\" data-element_type=\"section\" data-settings=\"{&quot;stretch_section&quot;:&quot;section-stretched&quot;,&quot;background_background&quot;:&quot;classic&quot;,&quot;background_motion_fx_motion_fx_scrolling&quot;:&quot;yes&quot;,&quot;background_motion_fx_translateY_effect&quot;:&quot;yes&quot;,&quot;background_motion_fx_translateY_speed&quot;:{&quot;unit&quot;:&quot;px&quot;,&quot;size&quot;:4,&quot;sizes&quot;:[]},&quot;background_motion_fx_translateY_affectedRange&quot;:{&quot;unit&quot;:&quot;%&quot;,&quot;size&quot;:&quot;&quot;,&quot;sizes&quot;:{&quot;start&quot;:0,&quot;end&quot;:100}},&quot;background_motion_fx_devices&quot;:[&quot;desktop&quot;,&quot;tablet&quot;,&quot;mobile&quot;]}\">\n\t\t\t\t\t\t\t<div class=\"elementor-background-overlay\"><\/div>\n\t\t\t\t\t\t\t<div class=\"elementor-container elementor-column-gap-no\">\n\t\t\t\t\t<div class=\"elementor-column elementor-col-100 elementor-top-column elementor-element elementor-element-755f3fa\" data-id=\"755f3fa\" data-element_type=\"column\">\n\t\t\t<div class=\"elementor-widget-wrap elementor-element-populated\">\n\t\t\t\t\t\t\t\t<div class=\"elementor-element elementor-element-e79ff25 elementor-widget elementor-widget-heading\" data-id=\"e79ff25\" data-element_type=\"widget\" data-widget_type=\"heading.default\">\n\t\t\t\t<div class=\"elementor-widget-container\">\n\t\t\t<style>\/*! elementor - v3.17.0 - 08-11-2023 *\/\n.elementor-heading-title{padding:0;margin:0;line-height:1}.elementor-widget-heading .elementor-heading-title[class*=elementor-size-]>a{color:inherit;font-size:inherit;line-height:inherit}.elementor-widget-heading .elementor-heading-title.elementor-size-small{font-size:15px}.elementor-widget-heading .elementor-heading-title.elementor-size-medium{font-size:19px}.elementor-widget-heading .elementor-heading-title.elementor-size-large{font-size:29px}.elementor-widget-heading .elementor-heading-title.elementor-size-xl{font-size:39px}.elementor-widget-heading .elementor-heading-title.elementor-size-xxl{font-size:59px}<\/style><div class=\"elementor-heading-wrapper\" ><div class=\"elementor-heading-wrapper-inner\"><h1 class=\"elementor-heading-title elementor-size-default\">Eventos Empresariales<\/h1><\/div><\/div>\t\t<\/div>\n\t\t\t\t<\/div>\n\t\t\t\t\t<\/div>\n\t\t<\/div>\n\t\t\t\t\t\t\t<\/div>\n\t\t<\/section>\n\t\t<div class=\"elementor-element elementor-element-aa5b3bd e-con-full e-flex e-con e-parent\" data-id=\"aa5b3bd\" data-element_type=\"container\" data-settings=\"{&quot;content_width&quot;:&quot;full&quot;}\" data-core-v316-plus=\"true\">\n\t\t<div class=\"elementor-element elementor-element-9188032 e-con-full e-flex e-con e-child\" data-id=\"9188032\" data-element_type=\"container\" data-settings=\"{&quot;content_width&quot;:&quot;full&quot;}\">\n\t\t\t\t<div class=\"elementor-element elementor-element-53dc65b animated-fast elementor-invisible elementor-widget elementor-widget-image\" data-id=\"53dc65b\" data-element_type=\"widget\" data-settings=\"{&quot;_animation&quot;:&quot;fadeInLeft&quot;}\" data-widget_type=\"image.default\">\n\t\t\t\t<div class=\"elementor-widget-container\">\n\t\t\t<style>\/*! elementor - v3.17.0 - 08-11-2023 *\/\n.elementor-widget-image{text-align:center}.elementor-widget-image a{display:inline-block}.elementor-widget-image a img[src$=\".svg\"]{width:48px}.elementor-widget-image img{vertical-align:middle;display:inline-block}<\/style>\t\t\t\t\t\t\t\t\t\t\t\t<img fetchpriority=\"high\" decoding=\"async\" width=\"600\" height=\"400\" src=\"https:\/\/coga-doro.com\/sp\/wp-content\/uploads\/2023\/11\/Business-Event1-1024x683.jpg\" class=\"elementor-animation-grow attachment-large size-large wp-image-8039\" alt=\"\" srcset=\"https:\/\/coga-doro.com\/sp\/wp-content\/uploads\/2023\/11\/Business-Event1-1024x683.jpg 1024w, https:\/\/coga-doro.com\/sp\/wp-content\/uploads\/2023\/11\/Business-Event1-300x200.jpg 300w, https:\/\/coga-doro.com\/sp\/wp-content\/uploads\/2023\/11\/Business-Event1-768x512.jpg 768w, https:\/\/coga-doro.com\/sp\/wp-content\/uploads\/2023\/11\/Business-Event1-700x467.jpg 700w, https:\/\/coga-doro.com\/sp\/wp-content\/uploads\/2023\/11\/Business-Event1.jpg 1200w\" sizes=\"(max-width: 600px) 100vw, 600px\" \/>\t\t\t\t\t\t\t\t\t\t\t\t\t\t\t<\/div>\n\t\t\t\t<\/div>\n\t\t\t\t<\/div>\n\t\t<div class=\"elementor-element elementor-element-94b3080 e-con-full e-flex e-con e-child\" data-id=\"94b3080\" data-element_type=\"container\" data-settings=\"{&quot;content_width&quot;:&quot;full&quot;}\">\n\t\t\t\t<div class=\"elementor-element elementor-element-d139142 animated-fast elementor-invisible elementor-widget elementor-widget-text-editor\" data-id=\"d139142\" data-element_type=\"widget\" data-settings=\"{&quot;_animation&quot;:&quot;slideInUp&quot;}\" data-widget_type=\"text-editor.default\">\n\t\t\t\t<div class=\"elementor-widget-container\">\n\t\t\t<style>\/*! elementor - v3.17.0 - 08-11-2023 *\/\n.elementor-widget-text-editor.elementor-drop-cap-view-stacked .elementor-drop-cap{background-color:#69727d;color:#fff}.elementor-widget-text-editor.elementor-drop-cap-view-framed .elementor-drop-cap{color:#69727d;border:3px solid;background-color:transparent}.elementor-widget-text-editor:not(.elementor-drop-cap-view-default) .elementor-drop-cap{margin-top:8px}.elementor-widget-text-editor:not(.elementor-drop-cap-view-default) .elementor-drop-cap-letter{width:1em;height:1em}.elementor-widget-text-editor .elementor-drop-cap{float:left;text-align:center;line-height:1;font-size:50px}.elementor-widget-text-editor .elementor-drop-cap-letter{display:inline-block}<\/style>        <div class=\"elementor-text-editor elementor-clearfix\"><p>Destaca tu incre\u00edble producto con nuestra ayuda experta. Pres\u00e9ntalo en un entorno lujoso. Coloca tu marca en primera l\u00ednea. Celebra aniversarios con tus empleados o brinda a tus clientes leales incre\u00edbles viajes. Nuestro equipo est\u00e1 aqu\u00ed para ayudarte en cada parte de tu negocio.<\/p><\/div>\n        \t\t<\/div>\n\t\t\t\t<\/div>\n\t\t\t\t<\/div>\n\t\t\t\t<\/div>\n\t\t<div class=\"elementor-element elementor-element-416be95 e-con-full e-flex e-con e-parent\" data-id=\"416be95\" data-element_type=\"container\" data-settings=\"{&quot;content_width&quot;:&quot;full&quot;}\" data-core-v316-plus=\"true\">\n\t\t<div class=\"elementor-element elementor-element-039adcb e-con-full e-flex e-con e-child\" data-id=\"039adcb\" data-element_type=\"container\" data-settings=\"{&quot;content_width&quot;:&quot;full&quot;}\">\n\t\t\t\t<div class=\"elementor-element elementor-element-bc56643 animated-fast elementor-invisible elementor-widget elementor-widget-text-editor\" data-id=\"bc56643\" data-element_type=\"widget\" data-settings=\"{&quot;_animation&quot;:&quot;slideInUp&quot;}\" data-widget_type=\"text-editor.default\">\n\t\t\t\t<div class=\"elementor-widget-container\">\n\t\t\t        <div class=\"elementor-text-editor elementor-clearfix\"><p>Ya sea una expedici\u00f3n empresarial, un incentivo corporativo, una extravagancia de construcci\u00f3n de equipos o una conferencia de alto perfil, nuestra amplia experiencia en servicios VIP y servicios de conserjer\u00eda, junto con nuestra red internacional, nos posiciona como el socio perfecto para varios tipos de reuniones empresariales.<\/p><\/div>\n        \t\t<\/div>\n\t\t\t\t<\/div>\n\t\t\t\t<\/div>\n\t\t<div class=\"elementor-element elementor-element-cb76bfd e-con-full e-flex e-con e-child\" data-id=\"cb76bfd\" data-element_type=\"container\" data-settings=\"{&quot;content_width&quot;:&quot;full&quot;}\">\n\t\t\t\t<div class=\"elementor-element elementor-element-307fc35 animated-fast elementor-invisible elementor-widget elementor-widget-image\" data-id=\"307fc35\" data-element_type=\"widget\" data-settings=\"{&quot;_animation&quot;:&quot;fadeInRight&quot;}\" data-widget_type=\"image.default\">\n\t\t\t\t<div class=\"elementor-widget-container\">\n\t\t\t\t\t\t\t\t\t\t\t\t\t\t\t<img decoding=\"async\" width=\"600\" height=\"400\" src=\"https:\/\/coga-doro.com\/sp\/wp-content\/uploads\/2023\/11\/Business-Event2-1024x683.jpg\" class=\"elementor-animation-grow attachment-large size-large wp-image-8040\" alt=\"\" srcset=\"https:\/\/coga-doro.com\/sp\/wp-content\/uploads\/2023\/11\/Business-Event2-1024x683.jpg 1024w, https:\/\/coga-doro.com\/sp\/wp-content\/uploads\/2023\/11\/Business-Event2-300x200.jpg 300w, https:\/\/coga-doro.com\/sp\/wp-content\/uploads\/2023\/11\/Business-Event2-768x512.jpg 768w, https:\/\/coga-doro.com\/sp\/wp-content\/uploads\/2023\/11\/Business-Event2-700x467.jpg 700w, https:\/\/coga-doro.com\/sp\/wp-content\/uploads\/2023\/11\/Business-Event2.jpg 1224w\" sizes=\"(max-width: 600px) 100vw, 600px\" \/>\t\t\t\t\t\t\t\t\t\t\t\t\t\t\t<\/div>\n\t\t\t\t<\/div>\n\t\t\t\t<\/div>\n\t\t\t\t<\/div>\n\t\t<div class=\"elementor-element elementor-element-74348e2 e-con-full e-flex e-con e-parent\" data-id=\"74348e2\" data-element_type=\"container\" data-settings=\"{&quot;content_width&quot;:&quot;full&quot;}\" data-core-v316-plus=\"true\">\n\t\t<div class=\"elementor-element elementor-element-34ddd53 e-con-full e-flex e-con e-child\" data-id=\"34ddd53\" data-element_type=\"container\" data-settings=\"{&quot;content_width&quot;:&quot;full&quot;}\">\n\t\t\t\t<div class=\"elementor-element elementor-element-3934cef animated-fast elementor-invisible elementor-widget elementor-widget-image\" data-id=\"3934cef\" data-element_type=\"widget\" data-settings=\"{&quot;_animation&quot;:&quot;fadeInLeft&quot;}\" data-widget_type=\"image.default\">\n\t\t\t\t<div class=\"elementor-widget-container\">\n\t\t\t\t\t\t\t\t\t\t\t\t\t\t\t<img decoding=\"async\" width=\"600\" height=\"383\" src=\"https:\/\/coga-doro.com\/sp\/wp-content\/uploads\/2023\/11\/Business-Event3-1024x653.jpg\" class=\"elementor-animation-grow attachment-large size-large wp-image-8041\" alt=\"\" srcset=\"https:\/\/coga-doro.com\/sp\/wp-content\/uploads\/2023\/11\/Business-Event3-1024x653.jpg 1024w, https:\/\/coga-doro.com\/sp\/wp-content\/uploads\/2023\/11\/Business-Event3-300x191.jpg 300w, https:\/\/coga-doro.com\/sp\/wp-content\/uploads\/2023\/11\/Business-Event3-768x489.jpg 768w, https:\/\/coga-doro.com\/sp\/wp-content\/uploads\/2023\/11\/Business-Event3-700x446.jpg 700w, https:\/\/coga-doro.com\/sp\/wp-content\/uploads\/2023\/11\/Business-Event3.jpg 1224w\" sizes=\"(max-width: 600px) 100vw, 600px\" \/>\t\t\t\t\t\t\t\t\t\t\t\t\t\t\t<\/div>\n\t\t\t\t<\/div>\n\t\t\t\t<\/div>\n\t\t<div class=\"elementor-element elementor-element-6cd950c e-con-full e-flex e-con e-child\" data-id=\"6cd950c\" data-element_type=\"container\" data-settings=\"{&quot;content_width&quot;:&quot;full&quot;}\">\n\t\t\t\t<div class=\"elementor-element elementor-element-867b51a animated-fast elementor-invisible elementor-widget elementor-widget-text-editor\" data-id=\"867b51a\" data-element_type=\"widget\" data-settings=\"{&quot;_animation&quot;:&quot;slideInUp&quot;}\" data-widget_type=\"text-editor.default\">\n\t\t\t\t<div class=\"elementor-widget-container\">\n\t\t\t        <div class=\"elementor-text-editor elementor-clearfix\"><p>Nuestro equipo dedicado est\u00e1 a su disposici\u00f3n las 24 horas del d\u00eda, brind\u00e1ndole la libertad y el tiempo para centrarse en tareas cr\u00edticas. Nuestras experimentadas anfitrionas VIP aseguran el \u00e9xito de su evento y est\u00e1n listas para apoyarlo de diversas maneras, incluida la supervisi\u00f3n del manejo de invitaciones, la coordinaci\u00f3n con subcontratistas y proveedores, la planificaci\u00f3n de traslados, la gesti\u00f3n de reservas de alojamiento, la organizaci\u00f3n del evento, la comunicaci\u00f3n con invitados y delegados, el soporte en el lugar y la entrega de un tratamiento VIP especial.<\/p><\/div>\n        \t\t<\/div>\n\t\t\t\t<\/div>\n\t\t\t\t<\/div>\n\t\t\t\t<\/div>\n\t\t\t\t<section class=\"elementor-section elementor-top-section elementor-element elementor-element-303560e elementor-section-stretched elementor-section-boxed elementor-section-height-default elementor-section-height-default\" data-id=\"303560e\" data-element_type=\"section\" data-settings=\"{&quot;stretch_section&quot;:&quot;section-stretched&quot;,&quot;background_background&quot;:&quot;classic&quot;}\">\n\t\t\t\t\t\t\t<div class=\"elementor-background-overlay\"><\/div>\n\t\t\t\t\t\t\t<div class=\"elementor-container elementor-column-gap-no\">\n\t\t\t\t\t<div class=\"elementor-column elementor-col-100 elementor-top-column elementor-element elementor-element-3749b34\" data-id=\"3749b34\" data-element_type=\"column\" data-settings=\"{&quot;background_background&quot;:&quot;classic&quot;}\">\n\t\t\t<div class=\"elementor-widget-wrap elementor-element-populated\">\n\t\t\t\t\t<div class=\"elementor-background-overlay\"><\/div>\n\t\t\t\t\t\t\t\t<div class=\"elementor-element elementor-element-9cb38b9 animated-fast elementor-invisible elementor-widget elementor-widget-heading\" data-id=\"9cb38b9\" data-element_type=\"widget\" data-settings=\"{&quot;_animation&quot;:&quot;opal-move-up&quot;}\" data-widget_type=\"heading.default\">\n\t\t\t\t<div class=\"elementor-widget-container\">\n\t\t\t<div class=\"elementor-heading-wrapper\" ><div class=\"elementor-heading-wrapper-inner\"><h3 class=\"elementor-heading-title elementor-size-default\">Eleve su marca con experiencias inolvidables.<\/h3><\/div><\/div>\t\t<\/div>\n\t\t\t\t<\/div>\n\t\t\t\t\t<\/div>\n\t\t<\/div>\n\t\t\t\t\t\t\t<\/div>\n\t\t<\/section>\n\t\t<div class=\"elementor-element elementor-element-7e5f22b e-con-full e-flex e-con e-parent\" data-id=\"7e5f22b\" data-element_type=\"container\" data-settings=\"{&quot;content_width&quot;:&quot;full&quot;}\" data-core-v316-plus=\"true\">\n\t\t<div class=\"elementor-element elementor-element-0790c8b e-con-full e-flex e-con e-child\" data-id=\"0790c8b\" data-element_type=\"container\" data-settings=\"{&quot;content_width&quot;:&quot;full&quot;}\">\n\t\t\t\t<div class=\"elementor-element elementor-element-8c75b1e animated-fast elementor-invisible elementor-widget elementor-widget-text-editor\" data-id=\"8c75b1e\" data-element_type=\"widget\" data-settings=\"{&quot;_animation&quot;:&quot;slideInUp&quot;}\" data-widget_type=\"text-editor.default\">\n\t\t\t\t<div class=\"elementor-widget-container\">\n\t\t\t        <div class=\"elementor-text-editor elementor-clearfix\"><p>From arranging hotel stays, rental cars, and flights to planning extraordinary experiences, we conduct thorough research, verification, and optimal travel planning for you, your team, business associates, or colleagues. Should you desire it, we can also offer a professional on-site VIP concierge team to help you design tailor-made, exclusive travel experiences. Customer satisfaction and discretion are, of course, our foremost priorities.<\/p><\/div>\n        \t\t<\/div>\n\t\t\t\t<\/div>\n\t\t\t\t<\/div>\n\t\t<div class=\"elementor-element elementor-element-447c6f9 e-con-full e-flex e-con e-child\" data-id=\"447c6f9\" data-element_type=\"container\" data-settings=\"{&quot;content_width&quot;:&quot;full&quot;}\">\n\t\t\t\t<div class=\"elementor-element elementor-element-3b499be animated-fast elementor-invisible elementor-widget elementor-widget-image\" data-id=\"3b499be\" data-element_type=\"widget\" data-settings=\"{&quot;_animation&quot;:&quot;fadeInRight&quot;}\" data-widget_type=\"image.default\">\n\t\t\t\t<div class=\"elementor-widget-container\">\n\t\t\t\t\t\t\t\t\t\t\t\t\t\t\t<img loading=\"lazy\" decoding=\"async\" width=\"600\" height=\"400\" src=\"https:\/\/coga-doro.com\/sp\/wp-content\/uploads\/2023\/11\/Business-Event4-1024x683.jpg\" class=\"elementor-animation-grow attachment-large size-large wp-image-8042\" alt=\"\" srcset=\"https:\/\/coga-doro.com\/sp\/wp-content\/uploads\/2023\/11\/Business-Event4-1024x683.jpg 1024w, https:\/\/coga-doro.com\/sp\/wp-content\/uploads\/2023\/11\/Business-Event4-300x200.jpg 300w, https:\/\/coga-doro.com\/sp\/wp-content\/uploads\/2023\/11\/Business-Event4-768x512.jpg 768w, https:\/\/coga-doro.com\/sp\/wp-content\/uploads\/2023\/11\/Business-Event4-700x467.jpg 700w, https:\/\/coga-doro.com\/sp\/wp-content\/uploads\/2023\/11\/Business-Event4.jpg 1224w\" sizes=\"(max-width: 600px) 100vw, 600px\" \/>\t\t\t\t\t\t\t\t\t\t\t\t\t\t\t<\/div>\n\t\t\t\t<\/div>\n\t\t\t\t<\/div>\n\t\t\t\t<\/div>\n\t\t\t\t\t\t\t<\/div>\n\t\t","protected":false},"excerpt":{"rendered":"<p>Eventos Empresariales Destaca tu incre\u00edble producto con nuestra ayuda experta. Pres\u00e9ntalo en un entorno lujoso. Coloca tu marca en primera l\u00ednea. Celebra aniversarios con tus empleados o brinda a tus clientes leales incre\u00edbles viajes. Nuestro equipo est\u00e1 aqu\u00ed para ayudarte en cada parte de tu negocio. Ya sea una expedici\u00f3n empresarial, un incentivo corporativo, una &hellip; <\/p>\n<p class=\"link-more\"><a href=\"https:\/\/coga-doro.com\/sp\/eventos-empresariales\/\" class=\"more-link\">Read More <span class=\"screen-reader-text\"> &#8220;Eventos Empresariales&#8221;<\/span><\/a><\/p>\n","protected":false},"author":1,"featured_media":0,"parent":0,"menu_order":0,"comment_status":"closed","ping_status":"closed","template":"page-elementor.php","meta":{"inline_featured_image":false,"footnotes":""},"_links":{"self":[{"href":"https:\/\/coga-doro.com\/sp\/wp-json\/wp\/v2\/pages\/7644"}],"collection":[{"href":"https:\/\/coga-doro.com\/sp\/wp-json\/wp\/v2\/pages"}],"about":[{"href":"https:\/\/coga-doro.com\/sp\/wp-json\/wp\/v2\/types\/page"}],"author":[{"embeddable":true,"href":"https:\/\/coga-doro.com\/sp\/wp-json\/wp\/v2\/users\/1"}],"replies":[{"embeddable":true,"href":"https:\/\/coga-doro.com\/sp\/wp-json\/wp\/v2\/comments?post=7644"}],"version-history":[{"count":79,"href":"https:\/\/coga-doro.com\/sp\/wp-json\/wp\/v2\/pages\/7644\/revisions"}],"predecessor-version":[{"id":8512,"href":"https:\/\/coga-doro.com\/sp\/wp-json\/wp\/v2\/pages\/7644\/revisions\/8512"}],"wp:attachment":[{"href":"https:\/\/coga-doro.com\/sp\/wp-json\/wp\/v2\/media?parent=7644"}],"curies":[{"name":"wp","href":"https:\/\/api.w.org\/{rel}","templated":true}]}}